{"id":4118,"date":"2025-11-15T21:21:39","date_gmt":"2025-11-15T20:21:39","guid":{"rendered":"https:\/\/www.chimicimessina.it\/?page_id=4118"},"modified":"2025-11-30T01:10:30","modified_gmt":"2025-11-30T00:10:30","slug":"speciale-elezione-2025-2029-rinnovo-degli-organi-dellordine-dei-chimici-e-fisici-della-provincia-di-messina","status":"publish","type":"page","link":"https:\/\/www.chimicimessina.it\/?page_id=4118","title":{"rendered":"SPECIALE ELEZIONE 2025-2029: Rinnovo degli organi dell&#8217;Ordine dei Chimici e Fisici della Provincia di Messina"},"content":{"rendered":"\n<p><strong>Si rendono disponibili, in questa sezione speciale temporanea, i materiali relativi alle procedure elettorali per il rinnovo degli organi dell\u2019Ordine dei Chimici e Fisici della Provincia di Messina.<\/strong><\/p>\n\n\n\n<p><strong><span class=\"has-inline-color has-colore-primario-color\">REGOLAMENTO ELETTORALE<\/span><\/strong><\/p>\n\n\n\n<p>Regolamento per le elezioni degli organi collegiali degli Ordini dei Chimici e dei Fisici e della relativa Federazione Nazionale approvato nella seduta della Federazione Nazionale 12 febbraio 2021<\/p>\n\n\n\n<div class=\"wp-block-file\"><a href=\"https:\/\/www.chimicimessina.it\/wp-content\/uploads\/2025\/10\/regolamento_OT_FNCF_12022021_approvato.pdf\" target=\"_blank\" rel=\"noreferrer noopener\">regolamento_OT_FNCF_12022021_approvato<\/a><a href=\"https:\/\/www.chimicimessina.it\/wp-content\/uploads\/2025\/10\/regolamento_OT_FNCF_12022021_approvato.pdf\" class=\"wp-block-file__button\" download>Download<\/a><\/div>\n\n\n\n<p><strong><span class=\"has-inline-color has-colore-primario-color\">Moduli per le candidature<\/span><\/strong><\/p>\n\n\n\n<div class=\"wp-block-file\"><a href=\"https:\/\/www.chimicimessina.it\/wp-content\/uploads\/2025\/11\/candidatura_lista_revisori.pdf\" target=\"_blank\" rel=\"noreferrer noopener\">candidatura_lista_revisori<\/a><a href=\"https:\/\/www.chimicimessina.it\/wp-content\/uploads\/2025\/11\/candidatura_lista_revisori.pdf\" class=\"wp-block-file__button\" download>Download<\/a><\/div>\n\n\n\n<div class=\"wp-block-file\"><a href=\"https:\/\/www.chimicimessina.it\/wp-content\/uploads\/2025\/11\/candidatura_SINGOLA_revisori.pdf\" target=\"_blank\" rel=\"noreferrer noopener\">candidatura_SINGOLA_revisori<\/a><a href=\"https:\/\/www.chimicimessina.it\/wp-content\/uploads\/2025\/11\/candidatura_SINGOLA_revisori.pdf\" class=\"wp-block-file__button\" download>Download<\/a><\/div>\n\n\n\n<div class=\"wp-block-file\"><a href=\"https:\/\/www.chimicimessina.it\/wp-content\/uploads\/2025\/11\/candidatura_Consiglio_SINGOLA.pdf\" target=\"_blank\" rel=\"noreferrer noopener\">candidatura_Consiglio_SINGOLA<\/a><a href=\"https:\/\/www.chimicimessina.it\/wp-content\/uploads\/2025\/11\/candidatura_Consiglio_SINGOLA.pdf\" class=\"wp-block-file__button\" download>Download<\/a><\/div>\n\n\n\n<div class=\"wp-block-file\"><a href=\"https:\/\/www.chimicimessina.it\/wp-content\/uploads\/2025\/11\/candidatura_Consiglio_lista.pdf\" target=\"_blank\" rel=\"noreferrer noopener\">candidatura_Consiglio_lista<\/a><a href=\"https:\/\/www.chimicimessina.it\/wp-content\/uploads\/2025\/11\/candidatura_Consiglio_lista.pdf\" class=\"wp-block-file__button\" download>Download<\/a><\/div>\n\n\n\n<p><strong><span class=\"has-inline-color has-colore-primario-color\">AVVISO DI CONVOCAZIONE ASSEMBLEA ELETTORALE<\/span><\/strong><\/p>\n\n\n\n<p>SI PUBBLICA L&#8217;AVVISO Dl CONVOCAZIONE ASSEMBLEE ELETTORALI<br>QUADRIENNIO 2025-2029<\/p>\n\n\n\n<div class=\"wp-block-file\"><a href=\"https:\/\/www.chimicimessina.it\/wp-content\/uploads\/2025\/11\/Convocazione-Assemblea-elettorale-2025_2029_def.pdf\" target=\"_blank\" rel=\"noreferrer noopener\">Convocazione Assemblea elettorale 2025_2029_def<\/a><a href=\"https:\/\/www.chimicimessina.it\/wp-content\/uploads\/2025\/11\/Convocazione-Assemblea-elettorale-2025_2029_def.pdf\" class=\"wp-block-file__button\" download>Download<\/a><\/div>\n\n\n\n<p><strong><span class=\"has-inline-color has-colore-primario-color\">CONVENZIONE TRA FNCF E MULTICAST Srl PER SERVIZI DI VOTO ON-LINE PER LE ELEZIONI DEI CONSIGLI DIRETTIVI E DEI COLLEGI DEI REVISORI DEI CONTI DEGLI ORDINI TERRITORIALI<\/span><\/strong><\/p>\n\n\n\n<div class=\"wp-block-file\"><a href=\"https:\/\/www.chimicimessina.it\/wp-content\/uploads\/2025\/11\/B_021_25_SKC_Convenzione_FNCF-3.pdf\" target=\"_blank\" rel=\"noreferrer noopener\">B_021_25_SKC_Convenzione_FNCF (3)<\/a><a href=\"https:\/\/www.chimicimessina.it\/wp-content\/uploads\/2025\/11\/B_021_25_SKC_Convenzione_FNCF-3.pdf\" class=\"wp-block-file__button\" download>Download<\/a><\/div>\n\n\n\n<p><strong><span class=\"has-inline-color has-colore-primario-color\">MANUALE DELLA VOTAZIONE &#8211; MODALITA&#8217; OPERATIVE DI VOTO<\/span><\/strong><\/p>\n\n\n\n<p>Al link sottostante \u00e8 possibile scaricare il Manuale esplicativo della modalit\u00e0 di voto per il rinnovo del\u00ecgli organi dell&#8217;Ordine dei Chimici e Fisici della Provincia di Messina<\/p>\n\n\n\n<div class=\"wp-block-file\"><a href=\"https:\/\/www.chimicimessina.it\/wp-content\/uploads\/2025\/11\/Manuale-Utente-SKC-OCF_Messina.pdf\" target=\"_blank\" rel=\"noreferrer noopener\">Manuale Utente SKC OCF_Messina<\/a><a href=\"https:\/\/www.chimicimessina.it\/wp-content\/uploads\/2025\/11\/Manuale-Utente-SKC-OCF_Messina.pdf\" class=\"wp-block-file__button\" download>Download<\/a><\/div>\n\n\n\n<p><strong><span class=\"has-inline-color has-colore-primario-color\">ELENCO LISTE E CANDIDATI<\/span><\/strong><\/p>\n\n\n\n<p>Al link sottostante le liste dei candidati al Consiglio Direttivo e al Collegio dei Revisori pervenute entro le ore 12.00 (dodici) del giorno 29\/10\/2025, scadenza fissata nell&#8217;Avviso di convocazione dell&#8217;Assemblea Elettorale<\/p>\n\n\n\n<div class=\"wp-block-file\"><a href=\"https:\/\/www.chimicimessina.it\/wp-content\/uploads\/2025\/11\/Lista-Continuita-e-Futuro.pdf\" target=\"_blank\" rel=\"noreferrer noopener\">Lista Continuit\u00e0 e Futuro<\/a><a href=\"https:\/\/www.chimicimessina.it\/wp-content\/uploads\/2025\/11\/Lista-Continuita-e-Futuro.pdf\" class=\"wp-block-file__button\" download>Download<\/a><\/div>\n\n\n\n<p><strong><span class=\"has-inline-color has-colore-primario-color\">VERBALE ASSEMBLEA ELETTORALE TELEMATICA IN PRIMA CONVOCAZIONE E COSTITUZIONE DEL SEGGIO ELETTORALE<\/span><\/strong><\/p>\n\n\n\n<div class=\"wp-block-file\"><a href=\"https:\/\/www.chimicimessina.it\/wp-content\/uploads\/2025\/11\/Verbale-Assemblea-Elettorale.pdf\" target=\"_blank\" rel=\"noreferrer noopener\">Verbale Assemblea Elettorale<\/a><a href=\"https:\/\/www.chimicimessina.it\/wp-content\/uploads\/2025\/11\/Verbale-Assemblea-Elettorale.pdf\" class=\"wp-block-file__button\" download>Download<\/a><\/div>\n\n\n\n<p><strong><span class=\"has-inline-color has-colore-primario-color\">COMUNICAZIONE DELLE OPERAZIONI ELETTORALI PER IL RINNOVO DEL CONSIGLIO DIRETTIVO E DEL COLLEGIO DEI REVISORI DEI CONTI QUADRIENNIO 2025-2029 <\/span><\/strong><\/p>\n\n\n\n<div class=\"wp-block-file\"><a href=\"https:\/\/www.chimicimessina.it\/wp-content\/uploads\/2025\/11\/Verbale-Elezioni-2025.pdf\" target=\"_blank\" rel=\"noreferrer noopener\">Verbale Elezioni 2025<\/a><a href=\"https:\/\/www.chimicimessina.it\/wp-content\/uploads\/2025\/11\/Verbale-Elezioni-2025.pdf\" class=\"wp-block-file__button\" download>Download<\/a><\/div>\n\n\n\n<p><strong><span class=\"has-inline-color has-colore-primario-color\">COMUNICAZIONE RELATIVA AL RINNOVO DEL CONSIGLIO DIRETTIVO DELL&#8217;ORDINE E DEL COLLEGIO DEI REVISORI DEI CONTI PER IL QUADRIENNIO 2025-2029<\/span><\/strong><\/p>\n\n\n\n<div class=\"wp-block-file\"><a href=\"https:\/\/www.chimicimessina.it\/wp-content\/uploads\/2025\/11\/Estratto-Verbale-14-11-2025-Insediamento-Consiglio.pdf\" target=\"_blank\" rel=\"noreferrer noopener\">Estratto Verbale 14-11-2025 Insediamento Consiglio<\/a><a href=\"https:\/\/www.chimicimessina.it\/wp-content\/uploads\/2025\/11\/Estratto-Verbale-14-11-2025-Insediamento-Consiglio.pdf\" class=\"wp-block-file__button\" download>Download<\/a><\/div>\n\n\n\n<div class=\"wp-block-file\"><a href=\"https:\/\/www.chimicimessina.it\/wp-content\/uploads\/2025\/11\/Verbale-insediamento-Collegio-dei-Revisori.pdf\" target=\"_blank\" rel=\"noreferrer noopener\">Verbale insediamento Collegio dei Revisori<\/a><a href=\"https:\/\/www.chimicimessina.it\/wp-content\/uploads\/2025\/11\/Verbale-insediamento-Collegio-dei-Revisori.pdf\" class=\"wp-block-file__button\" download>Download<\/a><\/div>\n\n\n\n<p><strong><span class=\"has-inline-color has-colore-primario-color\">DICHIARAZIONE REGOLARITA&#8217; OPERAZIONI ELETTORALI<\/span><\/strong><\/p>\n\n\n\n<div class=\"wp-block-file\"><a href=\"https:\/\/www.chimicimessina.it\/wp-content\/uploads\/2025\/11\/Dichiarazione_SkyVote_OCF_Messina.pdf\" target=\"_blank\" rel=\"noreferrer noopener\">Dichiarazione_SkyVote_OCF_Messina<\/a><a href=\"https:\/\/www.chimicimessina.it\/wp-content\/uploads\/2025\/11\/Dichiarazione_SkyVote_OCF_Messina.pdf\" class=\"wp-block-file__button\" download>Download<\/a><\/div>\n\n\n\n<p><\/p>\n","protected":false},"excerpt":{"rendered":"<p>Si rendono disponibili, in questa sezione speciale temporanea, i materiali relativi alle procedure elettorali per il rinnovo degli organi dell\u2019Ordine dei Chimici e Fisici della Provincia di Messina.<\/p>\n","protected":false},"author":2,"featured_media":0,"parent":2,"menu_order":1,"comment_status":"closed","ping_status":"closed","template":"","meta":[],"tags":[],"yoast_head":"<!-- This site is optimized with the Yoast SEO plugin v16.6 - https:\/\/yoast.com\/wordpress\/plugins\/seo\/ -->\r\n<title>SPECIALE ELEZIONE 2025-2029: Rinnovo degli organi dell&#039;Ordine dei Chimici e Fisici della Provincia di Messina - Ordine dei chimici e fisici della Provincia di Messina<\/title>\r\n<meta name=\"robots\" content=\"index, follow, max-snippet:-1, max-image-preview:large, max-video-preview:-1\" \/>\r\n<link rel=\"canonical\" href=\"https:\/\/www.chimicimessina.it\/?page_id=4118\" \/>\r\n<meta property=\"og:locale\" content=\"it_IT\" \/>\r\n<meta property=\"og:type\" content=\"article\" \/>\r\n<meta property=\"og:title\" content=\"SPECIALE ELEZIONE 2025-2029: Rinnovo degli organi dell&#039;Ordine dei Chimici e Fisici della Provincia di Messina - Ordine dei chimici e fisici della Provincia di Messina\" \/>\r\n<meta property=\"og:description\" content=\"Si rendono disponibili, in questa sezione speciale temporanea, i materiali relativi alle procedure elettorali per il rinnovo degli organi dell\u2019Ordine dei Chimici e Fisici della Provincia di Messina.\" \/>\r\n<meta property=\"og:url\" content=\"https:\/\/www.chimicimessina.it\/?page_id=4118\" \/>\r\n<meta property=\"og:site_name\" content=\"Ordine dei chimici e fisici della Provincia di Messina\" \/>\r\n<meta property=\"article:modified_time\" content=\"2025-11-30T00:10:30+00:00\" \/>\r\n<meta name=\"twitter:card\" content=\"summary\" \/>\r\n<meta name=\"twitter:label1\" content=\"Tempo di lettura stimato\" \/>\n\t<meta name=\"twitter:data1\" content=\"2 minuti\" \/>\r\n<script type=\"application\/ld+json\" class=\"yoast-schema-graph\">{\"@context\":\"https:\/\/schema.org\",\"@graph\":[{\"@type\":\"WebSite\",\"@id\":\"https:\/\/www.chimicimessina.it\/#website\",\"url\":\"https:\/\/www.chimicimessina.it\/\",\"name\":\"Ordine dei chimici e fisici della Provincia di Messina\",\"description\":\"\",\"potentialAction\":[{\"@type\":\"SearchAction\",\"target\":{\"@type\":\"EntryPoint\",\"urlTemplate\":\"https:\/\/www.chimicimessina.it\/?s={search_term_string}\"},\"query-input\":\"required name=search_term_string\"}],\"inLanguage\":\"it-IT\"},{\"@type\":\"WebPage\",\"@id\":\"https:\/\/www.chimicimessina.it\/?page_id=4118#webpage\",\"url\":\"https:\/\/www.chimicimessina.it\/?page_id=4118\",\"name\":\"SPECIALE ELEZIONE 2025-2029: Rinnovo degli organi dell'Ordine dei Chimici e Fisici della Provincia di Messina - Ordine dei chimici e fisici della Provincia di Messina\",\"isPartOf\":{\"@id\":\"https:\/\/www.chimicimessina.it\/#website\"},\"datePublished\":\"2025-11-15T20:21:39+00:00\",\"dateModified\":\"2025-11-30T00:10:30+00:00\",\"breadcrumb\":{\"@id\":\"https:\/\/www.chimicimessina.it\/?page_id=4118#breadcrumb\"},\"inLanguage\":\"it-IT\",\"potentialAction\":[{\"@type\":\"ReadAction\",\"target\":[\"https:\/\/www.chimicimessina.it\/?page_id=4118\"]}]},{\"@type\":\"BreadcrumbList\",\"@id\":\"https:\/\/www.chimicimessina.it\/?page_id=4118#breadcrumb\",\"itemListElement\":[{\"@type\":\"ListItem\",\"position\":1,\"name\":\"Home\",\"item\":\"https:\/\/www.chimicimessina.it\/\"},{\"@type\":\"ListItem\",\"position\":2,\"name\":\"Home\",\"item\":\"https:\/\/www.chimicimessina.it\/?page_id=2\"},{\"@type\":\"ListItem\",\"position\":3,\"name\":\"SPECIALE ELEZIONE 2025-2029: Rinnovo degli organi dell&#8217;Ordine dei Chimici e Fisici della Provincia di Messina\"}]}]}<\/script>\r\n<!-- \/ Yoast SEO plugin. -->","_links":{"self":[{"href":"https:\/\/www.chimicimessina.it\/index.php?rest_route=\/wp\/v2\/pages\/4118"}],"collection":[{"href":"https:\/\/www.chimicimessina.it\/index.php?rest_route=\/wp\/v2\/pages"}],"about":[{"href":"https:\/\/www.chimicimessina.it\/index.php?rest_route=\/wp\/v2\/types\/page"}],"author":[{"embeddable":true,"href":"https:\/\/www.chimicimessina.it\/index.php?rest_route=\/wp\/v2\/users\/2"}],"replies":[{"embeddable":true,"href":"https:\/\/www.chimicimessina.it\/index.php?rest_route=%2Fwp%2Fv2%2Fcomments&post=4118"}],"version-history":[{"count":12,"href":"https:\/\/www.chimicimessina.it\/index.php?rest_route=\/wp\/v2\/pages\/4118\/revisions"}],"predecessor-version":[{"id":4272,"href":"https:\/\/www.chimicimessina.it\/index.php?rest_route=\/wp\/v2\/pages\/4118\/revisions\/4272"}],"up":[{"embeddable":true,"href":"https:\/\/www.chimicimessina.it\/index.php?rest_route=\/wp\/v2\/pages\/2"}],"wp:attachment":[{"href":"https:\/\/www.chimicimessina.it\/index.php?rest_route=%2Fwp%2Fv2%2Fmedia&parent=4118"}],"wp:term":[{"taxonomy":"post_tag","embeddable":true,"href":"https:\/\/www.chimicimessina.it\/index.php?rest_route=%2Fwp%2Fv2%2Ftags&post=4118"}],"curies":[{"name":"wp","href":"https:\/\/api.w.org\/{rel}","templated":true}]}}