{"id":4099,"date":"2025-11-07T18:23:34","date_gmt":"2025-11-07T17:23:34","guid":{"rendered":"https:\/\/www.chimicimessina.it\/?page_id=4099"},"modified":"2025-11-07T18:40:59","modified_gmt":"2025-11-07T17:40:59","slug":"procedura-per-la-richiesta-del-certificato-discrizione-allalbo","status":"publish","type":"page","link":"https:\/\/www.chimicimessina.it\/?page_id=4099","title":{"rendered":"Procedura per la richiesta del certificato d&#8217;iscrizione all&#8217;Albo"},"content":{"rendered":"\n<div class=\"wp-block-image\"><figure class=\"aligncenter size-large\"><a href=\"https:\/\/www.chimicimessina.it\/wp-content\/uploads\/2022\/08\/ordine-chimici-e-fisici_-edited-converted-150x150-1.png\">\n        <section class=\"mt-4 mb-3 image-content italiawp2-img alignnone\">\n            <figure class=\"m-0 p-3 u-background-grey-60\">\n                <img src=\"https:\/\/www.chimicimessina.it\/wp-content\/uploads\/2022\/08\/ordine-chimici-e-fisici_-edited-converted-150x150-1.png\" class=\"u-sizeFull\" alt=\"\">\n                <figcaption>\n                    <p>ordine-chimici-e-fisici_-edited-converted-150x150<\/p>\n                <\/figcaption>\n            <\/figure><\/section><\/a><\/figure><\/div>\n\n\n\n<p>La normativa vigente in materia di decertificazione (<a href=\"https:\/\/www.normattiva.it\/uri-res\/N2Ls?urn:nir:presidente.repubblica:decreto:2000-12-28;445\">DPR 445\/2000<\/a>&nbsp;e articolo 15 della&nbsp;<a href=\"https:\/\/www.normattiva.it\/uri-res\/N2Ls?urn:nir:stato:legge:2011-11-12;183\">legge 183\/2011<\/a>&nbsp;nota come \u201cLegge di stabilit\u00e0 2012\u201d) stabilisce che dal 1\u00b0 gennaio 2012, nei rapporti con la Pubblica Amministrazione, i certificati sono completamente eliminati e sostituiti dalle&nbsp;autocertificazioni.<\/p>\n\n\n\n<p>Dal 1\u00b0 gennaio 2012 le certificazioni rilasciate dalla Pubblica Amministrazione in ordine a stati, qualit\u00e0 personali e fatti, sono valide e utilizzabili solo nei rapporti tra privati: invece, nei rapporti con gli organi della pubblica amministrazione (ad esempio Comune, Provincia, Regione, Ministeri, Scuole, Agenzia delle Entrate, ecc.) e i gestori di pubblici servizi (come le Societ\u00e0 che gestiscono i rifiuti, i trasporti, i servizi idrici, ecc.) i certificati e gli atti di notoriet\u00e0 sono sempre sostituiti dalle&nbsp;dichiarazioni sostitutive&nbsp;di certificazioni e dalle dichiarazioni sostitutive dell\u2019atto di notoriet\u00e0.<\/p>\n\n\n\n<p>In particolare, i certificati di iscrizione all\u2019albo&nbsp;<strong>non possono essere utilizzati dai richiedenti nei rapporti con le pubbliche amministrazioni e i gestori di pubblici servizi<\/strong>, ma possono essere prodotti solo ai soggetti privati.<\/p>\n\n\n\n<p>Sui certificati di iscrizione che l\u2019Ordine rilascia \u00e8 apposta, a pena di nullit\u00e0, la dicitura: \u201cIl presente certificato non pu\u00f2 essere prodotto agli organi della pubblica amministrazione o ai privati gestori di pubblici esercizi\u201d.<\/p>\n\n\n\n<p><strong>Ricorrere all\u2019autocertificazione<\/strong><\/p>\n\n\n\n<p>L\u2019autocertificazione sostituisce i certificati (es. residenza, titolo di studio, lavoro ecc.) o gli atti di notoriet\u00e0. Va rilasciata con una semplice dichiarazione firmata, non autenticata e senza bolli. La firma va posta dall\u2019interessato in presenza del dipendente della P. A. addetto a riceverle oppure firmate e presentate (o trasmesse via posta o via PEC) unitamente a copia fotostatica non autenticata di un documento di identit\u00e0 in corso di validit\u00e0. L\u2019autocertificazione \u00e8 gratuita e gli Enti pubblici, cos\u00ec come i gestori di pubblico servizio, hanno l\u2019obbligo di accettarla.<\/p>\n\n\n\n<p><strong>Cosa si pu\u00f2 autocertificare?<\/strong><\/p>\n\n\n\n<p>Il Testo Unico sulla documentazione amministrativa, il D. P. R. 445 del 28\/12\/2000 (pubblicato sulla G. U. n\u00b0 42 del 20\/02\/2001), che raccoglie ed integra le varie norme esistenti in materia. Il T. U. riporta all\u2019art. 46 \u201cDichiarazioni sostitutive di certificazioni\u201d, gli stati, le qualit\u00e0 personali e fatti che sono comprovati con dichiarazioni, anche contestuali all\u2019istanza, sottoscritte dall\u2019interessato e prodotte in sostituzione delle normali certificazioni, tra le quali:<\/p>\n\n\n\n<p>\u201c\u2026..<\/p>\n\n\n\n<ol type=\"1\"><li>l) appartenenza a ordini professionali;<\/li><\/ol>\n\n\n\n<p>\u2026\u2026.\u201d<br>Le dichiarazioni sostitutive hanno la stessa validit\u00e0 temporale degli atti che sostituiscono e nel caso specifico dell\u2019iscrizione all\u2019Albo l\u2019autocertificazione vale sei mesi come il relativo certificato.<br>Tutti gli stati, le qualit\u00e0 personali e i fatti non espressamente indicati nell\u2019articolo 46 sono comprovati dall\u2019interessato mediante la dichiarazione sostitutiva di atto di notoriet\u00e0 (art. 47 del T. U. 445\/00).<\/p>\n\n\n\n<p><strong>Cosa fare in caso di rifiuto dell\u2019autocertificazione?<\/strong><\/p>\n\n\n\n<p>Il pubblico ufficiale o il funzionario dell\u2019ufficio pubblico che non ammette l\u2019autocertificazione o la dichiarazione sostitutiva dell\u2019atto di notoriet\u00e0, nonostante ci siano tutti i presupposti per accoglierla, incorre nelle sanzioni previste dall\u2019art. 328 del Codice penale e rischiano di essere puniti per omissioni o rifiuto di atti d\u2019ufficio. Il cittadino dovr\u00e0, in primo luogo, accertare chi \u00e8 il responsabile della pratica inoltrata, richiedendo nome, cognome e qualifica, inoltre \u00e8 necessario conoscere il numero di protocollo della stessa e il tipo di procedimento attribuito. Cos\u00ec come la Pubblica Amministrazione sa chi \u00e8 il suo interlocutore, il cittadino, ha altrettanto diritto di sapere chi segue il procedimento che lo riguarda e come risalire agli atti relativi. Ottenuti i dati, il cittadino dovr\u00e0 richiedere, per iscritto, le ragioni del mancato accoglimento dell\u2019autocertificazione o della dichiarazione sostitutiva dell\u2019atto di notoriet\u00e0 segnalando anche, per conoscenza, il tesserino del responsabile del procedimento, con gli estremi della pratica al Comitato Provinciale della Pubblica Amministrazione presso la Prefettura del luogo in cui \u00e8 stata rifiutata l\u2019autocertificazione e alla Presidenza del Consiglio dei Ministri \u2013 Dip. Funzione Pubblica \u2013 ROMA. La richiesta deve essere redatta in forma scritta. Se entro trenta giorni dalla data della richiesta, il pubblico ufficiale o l\u2019incaricato non compie l\u2019atto e non risponde per esporre le ragioni del ritardo\/rifiuto, scattano i presupposti per le sanzioni della reclusione fino a un anno o della multa fino a due milioni di lire. Il termine dei trenta giorni decorre dalla data di ricezione della richiesta. La procedibilit\u00e0 \u00e8 d\u2019ufficio, pertanto non sono richieste querele, istanze o quant\u2019altro. Quindi colui che si vedr\u00e0 rifiutata la propria autocertificazione o la dichiarazione sostitutiva, si trover\u00e0 nelle condizioni di denunciare semplicemente l\u2019omissione di atti d\u2019ufficio.<\/p>\n\n\n\n<p><strong>MODALIT\u00c0 DI RICHIESTA\/RILASCIO DEL CERTIFICATO DI ISCRIZIONE<\/strong><\/p>\n\n\n\n<p>Con parere del 5 settembre 2012, il Ministero dell\u2019economia e delle finanze ha ribadito che i certificati da presentare ad un ente privato sono soggetti al pagamento dell\u2019imposta di bollo di \u20ac 16,00 e che anche la richiesta all\u2019Ordine di suddetti certificati \u00e8 soggetta all\u2019imposta di bollo di \u20ac 16,00 come tutte le istanze rivolte alla Pubblica amministrazione ai sensi dell\u2019art. 3, comma 1 della tariffa (parte prima all. A al&nbsp;<a href=\"https:\/\/www.normattiva.it\/uri-res\/N2Ls?urn:nir:presidente.repubblica:decreto:1972-10-26;642\">DPR 642\/72<\/a>).<\/p>\n\n\n\n<p>I certificati potranno essere rilasciati in esenzione dall\u2019imposta di bollo solo per i casi elencati nel&nbsp;<a href=\"https:\/\/www.normattiva.it\/uri-res\/N2Ls?urn:nir:presidente.repubblica:decreto:1972-10-26;642\">DPR 642\/72<\/a>,&nbsp;Tabella Allegato B&nbsp;e previsti da altre norme speciali. L\u2019iscritto richiedente il certificato, in questo caso, ha l\u2019obbligo di citare l\u2019uso e la norma che esenta dall\u2019imposta di bollo che deve essere citata obbligatoriamente sul certificato rilasciato.<\/p>\n\n\n\n<p>Per le motivazioni di cui sopra,\u00a0tutti i certificati di iscrizione all\u2019albo dovranno essere emessi solo se richiesti per l\u2019esibizione agli enti privati e solo in marca da bollo da \u20ac 16,00, fatta eccezione dei casi indicati in\u00a0<strong>Tabella Allegato B<\/strong>\u00a0che dovranno essere esplicitamente indicati sia nella richiesta inviata dal professionista all\u2019Ordine che nel certificato di iscrizione.<\/p>\n\n\n\n<p>In entrambi i casi si dovranno versare \u20ac 5,00 per diritti di segreteria. Il versamento deve essere effettuato tramite <a href=\"https:\/\/messina.ordinechimicifisici.plugandpay.it\/\" target=\"_blank\" rel=\"noreferrer noopener\">PagoPA<\/a>, autenticandosi con SPID o CIE e utilizzando la modalit\u00e0 &#8220;PAGAMENTO SPONTANEO&#8221;.<\/p>\n\n\n\n<p>Una volta inviata la richiesta \u00e8 possibile:<\/p>\n\n\n\n<ul><li>ritirare il certificato presso la sede dell\u2019Ordine, previo appuntamento, presentando valido documento di riconoscimento e marca da bollo da \u20ac16,00&nbsp;(\u00e8 possibile delegare altra persona che dovr\u00e0 presentare delega, valido documento di riconoscimento e fotocopia del documento del&nbsp;richiedente), attendendo successiva firma autografa del Presidente;<\/li><li>ricevere il certificato online, possibile unicamente per chi \u00e8 dotato di indirizzo di Posta Elettronica Certificata (PEC, mezzo normativamente dotato di valenza legale).<\/li><\/ul>\n\n\n\n<p>In tal senso si ricorda che \u00e8 obbligo in capo al professionista iscritto ad un Albo professionale essere in possesso di Posta Elettronica Certificata (D.L. 185\/2008) e di darne comunicazione all\u2019Ordine di appartenenza.<\/p>\n\n\n\n<p><em>Informiamo inoltre che, il Ministero dello Sviluppo Economico ci impone forzatamente di non ritenere valide le PEC \u201cal cittadino\u201d rilasciate dal Governo italiano al dominio @postacertificata.gov.it, per tale motivo \u00e8 stato deciso e deliberato in Assemblea di fornire la PEC a tutti gli iscritti all\u2019atto dell\u2019iscrizione all\u2019Albo.<\/em><\/p>\n\n\n\n<p>Si ricorda, infine, che le pubbliche amministrazioni e i gestori di pubblici servizi sono tenuti ad accettare&nbsp;dichiarazioni sostitutive di autocertificazione.<\/p>\n\n\n\n<div class=\"wp-block-file\"><a href=\"https:\/\/www.chimicimessina.it\/wp-content\/uploads\/2025\/11\/MODELLO-AUTOCERTIFICAZIONE-ISCRIZIONE-ALBO-PROFESSIONALE.doc\" target=\"_blank\" rel=\"noreferrer noopener\">MODELLO-AUTOCERTIFICAZIONE-ISCRIZIONE-ALBO-PROFESSIONALE<\/a><a href=\"https:\/\/www.chimicimessina.it\/wp-content\/uploads\/2025\/11\/MODELLO-AUTOCERTIFICAZIONE-ISCRIZIONE-ALBO-PROFESSIONALE.doc\" class=\"wp-block-file__button\" download>Download<\/a><\/div>\n\n\n\n<div class=\"wp-block-file\"><a href=\"https:\/\/www.chimicimessina.it\/wp-content\/uploads\/2025\/11\/modulo-richiesta-certificato-iscrizione-1.docx\" target=\"_blank\" rel=\"noreferrer noopener\">MODULO RICHIESTA CERTIFICATO ISCRIZIONE<\/a><a href=\"https:\/\/www.chimicimessina.it\/wp-content\/uploads\/2025\/11\/modulo-richiesta-certificato-iscrizione-1.docx\" class=\"wp-block-file__button\" download>Download<\/a><\/div>\n","protected":false},"excerpt":{"rendered":"<p>La normativa vigente in materia di decertificazione (DPR 445\/2000&nbsp;e articolo 15 della&nbsp;legge 183\/2011&nbsp;nota come \u201cLegge di stabilit\u00e0 2012\u201d) stabilisce che dal 1\u00b0 gennaio 2012, nei rapporti con la Pubblica Amministrazione, i certificati sono completamente eliminati e sostituiti dalle&nbsp;autocertificazioni.<\/p>\n","protected":false},"author":2,"featured_media":0,"parent":334,"menu_order":3,"comment_status":"closed","ping_status":"closed","template":"","meta":[],"tags":[930,931],"yoast_head":"<!-- This site is optimized with the Yoast SEO plugin v16.6 - https:\/\/yoast.com\/wordpress\/plugins\/seo\/ -->\r\n<title>Procedura per la richiesta del certificato d&#039;iscrizione all&#039;Albo - Ordine dei chimici e fisici della Provincia di Messina<\/title>\r\n<meta name=\"robots\" content=\"index, follow, max-snippet:-1, max-image-preview:large, max-video-preview:-1\" \/>\r\n<link rel=\"canonical\" href=\"https:\/\/www.chimicimessina.it\/?page_id=4099\" \/>\r\n<meta property=\"og:locale\" content=\"it_IT\" \/>\r\n<meta property=\"og:type\" content=\"article\" \/>\r\n<meta property=\"og:title\" content=\"Procedura per la richiesta del certificato d&#039;iscrizione all&#039;Albo - Ordine dei chimici e fisici della Provincia di Messina\" \/>\r\n<meta property=\"og:description\" content=\"La normativa vigente in materia di decertificazione (DPR 445\/2000&nbsp;e articolo 15 della&nbsp;legge 183\/2011&nbsp;nota come \u201cLegge di stabilit\u00e0 2012\u201d) stabilisce che dal 1\u00b0 gennaio 2012, nei rapporti con la Pubblica Amministrazione, i certificati sono completamente eliminati e sostituiti dalle&nbsp;autocertificazioni.\" \/>\r\n<meta property=\"og:url\" content=\"https:\/\/www.chimicimessina.it\/?page_id=4099\" \/>\r\n<meta property=\"og:site_name\" content=\"Ordine dei chimici e fisici della Provincia di Messina\" \/>\r\n<meta property=\"article:modified_time\" content=\"2025-11-07T17:40:59+00:00\" \/>\r\n<meta property=\"og:image\" content=\"https:\/\/www.chimicimessina.it\/wp-content\/uploads\/2022\/08\/ordine-chimici-e-fisici_-edited-converted-150x150-1.png\" \/>\r\n<meta name=\"twitter:card\" content=\"summary\" \/>\r\n<meta name=\"twitter:label1\" content=\"Tempo di lettura stimato\" \/>\n\t<meta name=\"twitter:data1\" content=\"6 minuti\" \/>\r\n<script type=\"application\/ld+json\" class=\"yoast-schema-graph\">{\"@context\":\"https:\/\/schema.org\",\"@graph\":[{\"@type\":\"WebSite\",\"@id\":\"https:\/\/www.chimicimessina.it\/#website\",\"url\":\"https:\/\/www.chimicimessina.it\/\",\"name\":\"Ordine dei chimici e fisici della Provincia di Messina\",\"description\":\"\",\"potentialAction\":[{\"@type\":\"SearchAction\",\"target\":{\"@type\":\"EntryPoint\",\"urlTemplate\":\"https:\/\/www.chimicimessina.it\/?s={search_term_string}\"},\"query-input\":\"required name=search_term_string\"}],\"inLanguage\":\"it-IT\"},{\"@type\":\"ImageObject\",\"@id\":\"https:\/\/www.chimicimessina.it\/?page_id=4099#primaryimage\",\"inLanguage\":\"it-IT\",\"url\":\"https:\/\/www.chimicimessina.it\/wp-content\/uploads\/2022\/08\/ordine-chimici-e-fisici_-edited-converted-150x150-1.png\",\"contentUrl\":\"https:\/\/www.chimicimessina.it\/wp-content\/uploads\/2022\/08\/ordine-chimici-e-fisici_-edited-converted-150x150-1.png\",\"width\":150,\"height\":120},{\"@type\":\"WebPage\",\"@id\":\"https:\/\/www.chimicimessina.it\/?page_id=4099#webpage\",\"url\":\"https:\/\/www.chimicimessina.it\/?page_id=4099\",\"name\":\"Procedura per la richiesta del certificato d'iscrizione all'Albo - Ordine dei chimici e fisici della Provincia di Messina\",\"isPartOf\":{\"@id\":\"https:\/\/www.chimicimessina.it\/#website\"},\"primaryImageOfPage\":{\"@id\":\"https:\/\/www.chimicimessina.it\/?page_id=4099#primaryimage\"},\"datePublished\":\"2025-11-07T17:23:34+00:00\",\"dateModified\":\"2025-11-07T17:40:59+00:00\",\"breadcrumb\":{\"@id\":\"https:\/\/www.chimicimessina.it\/?page_id=4099#breadcrumb\"},\"inLanguage\":\"it-IT\",\"potentialAction\":[{\"@type\":\"ReadAction\",\"target\":[\"https:\/\/www.chimicimessina.it\/?page_id=4099\"]}]},{\"@type\":\"BreadcrumbList\",\"@id\":\"https:\/\/www.chimicimessina.it\/?page_id=4099#breadcrumb\",\"itemListElement\":[{\"@type\":\"ListItem\",\"position\":1,\"name\":\"Home\",\"item\":\"https:\/\/www.chimicimessina.it\/\"},{\"@type\":\"ListItem\",\"position\":2,\"name\":\"Albo dei Chimici e dei Fisici di Messina\",\"item\":\"https:\/\/www.chimicimessina.it\/?page_id=11\"},{\"@type\":\"ListItem\",\"position\":3,\"name\":\"Iscriversi all&#8217;Albo dei Chimici e dei Fisici della Provincia di Messina\",\"item\":\"https:\/\/www.chimicimessina.it\/?page_id=93\"},{\"@type\":\"ListItem\",\"position\":4,\"name\":\"Modulistica per l&#8217;iscrizione all&#8217;Albo dell&#8217;Ordine dei Chimici e dei Fisici\",\"item\":\"https:\/\/www.chimicimessina.it\/?page_id=334\"},{\"@type\":\"ListItem\",\"position\":5,\"name\":\"Procedura per la richiesta del certificato d&#8217;iscrizione all&#8217;Albo\"}]}]}<\/script>\r\n<!-- \/ Yoast SEO plugin. -->","_links":{"self":[{"href":"https:\/\/www.chimicimessina.it\/index.php?rest_route=\/wp\/v2\/pages\/4099"}],"collection":[{"href":"https:\/\/www.chimicimessina.it\/index.php?rest_route=\/wp\/v2\/pages"}],"about":[{"href":"https:\/\/www.chimicimessina.it\/index.php?rest_route=\/wp\/v2\/types\/page"}],"author":[{"embeddable":true,"href":"https:\/\/www.chimicimessina.it\/index.php?rest_route=\/wp\/v2\/users\/2"}],"replies":[{"embeddable":true,"href":"https:\/\/www.chimicimessina.it\/index.php?rest_route=%2Fwp%2Fv2%2Fcomments&post=4099"}],"version-history":[{"count":3,"href":"https:\/\/www.chimicimessina.it\/index.php?rest_route=\/wp\/v2\/pages\/4099\/revisions"}],"predecessor-version":[{"id":4107,"href":"https:\/\/www.chimicimessina.it\/index.php?rest_route=\/wp\/v2\/pages\/4099\/revisions\/4107"}],"up":[{"embeddable":true,"href":"https:\/\/www.chimicimessina.it\/index.php?rest_route=\/wp\/v2\/pages\/334"}],"wp:attachment":[{"href":"https:\/\/www.chimicimessina.it\/index.php?rest_route=%2Fwp%2Fv2%2Fmedia&parent=4099"}],"wp:term":[{"taxonomy":"post_tag","embeddable":true,"href":"https:\/\/www.chimicimessina.it\/index.php?rest_route=%2Fwp%2Fv2%2Ftags&post=4099"}],"curies":[{"name":"wp","href":"https:\/\/api.w.org\/{rel}","templated":true}]}}