{"id":21,"date":"2015-09-24T18:16:55","date_gmt":"2015-09-24T16:16:55","guid":{"rendered":"http:\/\/www.chimicimessina.it\/?page_id=21"},"modified":"2025-04-01T19:52:22","modified_gmt":"2025-04-01T17:52:22","slug":"convenzioni","status":"publish","type":"page","link":"https:\/\/www.chimicimessina.it\/?page_id=21","title":{"rendered":"Convenzioni"},"content":{"rendered":"\n<h2><\/h2>\n\n\n<h2 style=\"text-align: center;\"><a href=\"http:\/\/www.chimicimessina.it\/?attachment_id=2580\" rel=\"attachment wp-att-2580\">\n        <section class=\"mt-4 mb-3 image-content italiawp2-img alignnone\">\n            <figure class=\"m-0 p-3 u-background-grey-60\">\n                <img src=\"http:\/\/www.chimicimessina.it\/wp-content\/uploads\/2018\/12\/ordine-chimici-e-fisici_-edited-converted-300x100.jpg\" class=\"u-sizeFull\" alt=\"\">\n                <figcaption>\n                    <p>Convenzioni<\/p><p class=\"u-color-white\"><\/p>\n                <\/figcaption>\n            <\/figure><\/section><\/a><\/h2>\n<h2 style=\"text-align: center;\"><span style=\"color: #008000;\"><span style=\"color: #0000ff;\"><strong>CONVENZIONI PER GLI ISCRITTI<\/strong><\/span><br \/><\/span><a href=\"http:\/\/www.chimicimessina.it\/?p=2983\"><br \/><\/a><\/h2>\n<h2><span style=\"color: #0000ff;\">PROGRAMMA SPERIMENTALE NAZIONALE DI MOBILIT\u00c0 SOSTENIBILE\u00a0<strong>CASA-SCUOLA E CASA-LAVORO.<\/strong><\/span><\/h2>\n<h3><span style=\"color: #000000;\">L&#8217;Ordine ha aderito al progetto Muovime del Comune di Messina. Tale progetto prevede <em>iniziative per promuovere ed incentivare la\u00a0<\/em><em>mobilit\u00e0 sostenibile. <\/em>Chi, tra gli iscritti, vuole acquistare una bicicletta a pedalata assistita o un monopattino elettrico, pu\u00f2 ottenere l&#8217;erogazione di un bonus (legge 221 del 18\/12\/2015). Informazioni sul sito dedicato: <\/span><\/h3>\n<h3><span style=\"color: #3366ff;\"><a style=\"color: #3366ff;\" href=\"https:\/\/muovime.comune.messina.it\/\">https:\/\/muovime.comune.messina.it\/<\/a><\/span><\/h3>\n<h2 class=\"h2 entry-title \"><span style=\"color: #0000ff;\"><a style=\"color: #0000ff;\" href=\"http:\/\/www.chimicimessina.it\/?attachment_id=2580\">Convenzione UNI<\/a><\/span><\/h2>\n<h3 style=\"text-align: justify;\"><span style=\"color: #000000;\">L\u2019Ordine ha aderito alla convenzione stipulata tra la Federazione Nazionale e l\u2019Ente Italiano di Normazione (UNI). La convenzione consente ai Chimici e Fisici, iscritti all\u2019Albo dell\u2019Ordine, di poter sottoscrivere con UNI un abbonamento, a costo contenuto (Euro 50,00 per 12 mesi o Euro 90,00 per 24 mesi), per la visualizzazione delle norme tecniche\u00a0presenti nell\u2019archivio dell\u2019Ente di normazione.\u00a0\u00c8 possibile sottoscrivere l\u2019abbonamento accedendo tramite il sito UNI, cliccando sulla voce \u201ccatalogo\u201d e successivamente, nel men\u00f9 che si aprir\u00e0, si dovr\u00e0 cliccare su \u201cconvenzioni\u201d. Si aprir\u00e0 la pagina delle convenzioni stipulate dall\u2019UNI con diversi Enti, tra cui la nostra Federazione Nazionale. Si pu\u00f2 accedere alla pagina della convenzione dal link sotto riportato.<\/span><\/h3>\n<h2><a class=\"external\" href=\"https:\/\/www.uni.com\/index.php?option=com_content&amp;view=article&amp;id=7785\" target=\"_blank\" rel=\"noopener\">Accordo UNI \u2013 FNCF Federazione Nazionale Chimici e Fisici\u00a0<\/a><\/h2>\n<h3>Nella pagina che si aprir\u00e0 sono riportate le informazioni sulla convezione e il link che indirizza alla pagina di registrazione.<\/h3>\n<h2 style=\"text-align: justify;\"><strong><span style=\"color: #0000ff;\">Obbligo assicurazione professionale: La FNCF stipula un accordo con la societ\u00e0 di brokeraggio AON<\/span><\/strong><\/h2>\n<h3><span style=\"color: #000000;\">La Federazione Nazionale ha stipulato un accordo con la societ\u00e0 di brokeraggio assicurativo AON per i Chimici e i Fisici iscritti negli albi degli Ordini territoriali. L&#8217;accordo prevede due tipologie di polizza assicurativa<\/span><\/h3>\n<ul>\n<li><strong>Il prodotto <\/strong><strong>RC COLPA GRAVE SANITA\u2019 (polizza A)<\/strong><\/li>\n<\/ul>\n<h3>per i chimici ed i fisici che lavorano come dipendenti nelle strutture sanitarie pubbliche e private<\/h3>\n<ul>\n<li><strong>Il prodotto <\/strong><strong>RC PROFESSIONALE (polizza B) <\/strong><\/li>\n<\/ul>\n<h3>per i chimici ed i fisici che esercitano attivit\u00e0 libero professionale in forma individuale o associata.<\/h3>\n<h3>Una brochure con informazioni sui due prodotti e alcune ipotesi di costo \u00e8 scaricabile al seguente link:<\/h3>\n<h3><a class=\"rd-pdf\" href=\"http:\/\/www.chimicimessina.it\/?attachment_id=2911\" target=\"_blank\" rel=\"attachment noopener wp-att-2911\">RC PROFESSIONALE OBBLIGATORIA DEI CHIMICI E DEI FISICI<\/a><\/h3>\n<h3>Ulteriori informazioni possono essere reperite sul sito web dedicato: <a href=\"https:\/\/www.chimici-fisici.aon.it\/\" target=\"_blank\" rel=\"noopener\">www.chimici-fisici.aon.it<\/a><\/h3>\n<h3>\u00a0<\/h3>\n<h2><span style=\"color: #0000ff;\"><strong>Firma digitale di ruolo per Chimici e Fisici in convenzione<\/strong> <\/span><\/h2>\n<h3 style=\"text-align: justify;\">Si informano tutti gli iscritti che il nostro Ordine ha aderito alla convenzione tra la Federazione Nazionale dei Chimici e dei Fisici e la Societ\u00e0 Aruba S.p.A per l\u2019acquisto del KIT di Firma Digitale di ruolo.<\/h3>\n<h3 style=\"text-align: justify;\">Per poter accedere al portale di ArubaPEC, dedicato all\u2019acquisto in convenzione di quanto sopra elencato, \u00e8 necessario utilizzare il <strong>codice convenzione,<\/strong> da richiedere all\u2019Ordine mediante PEC, email o telefonicamente al numero 090713308, nei giorni e negli orari di apertura dell\u2019ufficio di segreteria.<\/h3>\n<h3 style=\"text-align: justify;\">La convenzione \u00e8 stata aggiornata, quindi nel percorso guidato al momento della scela del titolo, oltre a quelli gi\u00e0 presenti dei professionisti Chimici, figurano anche i titoli dei professionisti Fisici.<\/h3>\n<h3 style=\"text-align: justify;\">Il\u00a0numero di telefono di ARUBA per richieste di tipo amministrativo, commerciale e pi\u00f9 in generale per qualsiasi richiesta di assistenza relativa alla firma digitale \u00e8 +39 0575 0504.<\/h3>\n<p><a class=\"rd-pdf\" href=\"http:\/\/www.chimicimessina.it\/?attachment_id=2800\" target=\"_blank\" rel=\"attachment noopener wp-att-2800\">Circolare firma digitale di ruolo<\/a><\/p>\n<h3 style=\"text-align: justify;\">\u00a0<\/h3>\n<h2><strong><span style=\"color: #3366ff;\">Addendum AQ FCA mese di Gennaio 2020<\/span><\/strong><\/h2>\n<h3>Si comunica che l\u2019accordo tra FCA e Rete Professioni Tecniche relativo all\u2019acquisto di vetture a condizioni<br \/>speciali riservate per gli iscritti della RPT, \u00e8 prorogato fino al 31 gennaio 2020.<\/h3>\n<h3>Per maggiori dettagli in merito, rivolgersi presso la rete ufficiale dei concessionari FCA.<\/h3>\n<h3><a class=\"rd-pdf\" href=\"http:\/\/www.chimicimessina.it\/?attachment_id=2860\" target=\"_blank\" rel=\"attachment noopener wp-att-2860\">Circolare Rete Professioni Tecniche Addendum FCA gennaio 2020<\/a><\/h3>\n<h3 style=\"text-align: justify;\"><span style=\"color: #0000ff;\"><strong>HOTELS<\/strong><\/span><\/h3>\n<h3 style=\"text-align: justify;\">Il Consiglio Nazionale dei Chimici ha stipulato e diramato agli Ordini Territoriali delle convenzioni con tre gruppi alberghieri operanti in Roma. Per usufruire della convenzione \u00e8 necessario fare riferimento, all&#8217;atto della prenotazione, alla suddetta convenzione e presentare, all&#8217;arrivo in Hotel, il tesserino rilasciato dall&#8217;Ordine di appartenenza.<\/h3>\n<p>Convenzione Piram: <a class=\"rd-pdf\" href=\"http:\/\/www.chimicimessina.it\/wp-content\/uploads\/2015\/09\/Piram.pdf\" target=\"_blank\" rel=\"noopener\">Piram<\/a><\/p>\n<p>Convenzione Nord Nuova Roma: <a class=\"rd-pdf\" href=\"http:\/\/www.chimicimessina.it\/wp-content\/uploads\/2015\/09\/Nord-Nuova-Roma.pdf\" target=\"_blank\" rel=\"noopener\">Nord Nuova Roma<\/a><\/p>\n<p>Convenzione Gruppo Bettoja: <a class=\"rd-pdf\" href=\"http:\/\/www.chimicimessina.it\/wp-content\/uploads\/2015\/09\/Gruppo-Bettoja.pdf\" target=\"_blank\" rel=\"noopener\">Gruppo Bettoja<\/a><\/p>\n<h3><span style=\"color: #0000ff;\"><strong>Iniziativa straordinaria 2016 &#8211; Fiat Professional<\/strong> \n        <section class=\"mt-4 mb-3 image-content italiawp2-img alignnone\">\n            <figure class=\"m-0 p-3 u-background-grey-60\">\n                <img src=\"http:\/\/www.chimicimessina.it\/wp-content\/uploads\/2015\/09\/images-300x107.jpg\" class=\"u-sizeFull\" alt=\"\">\n                <figcaption>\n                    <p>Convenzioni<\/p><p class=\"u-color-white\"><\/p>\n                <\/figcaption>\n            <\/figure><\/section><br \/><\/span><\/h3>\n<h3 style=\"text-align: justify;\">La Rete delle Professioni Tecniche (RPT), della quale fa parte anche la nostra categoria, ci comunica aggiornamento dell&#8217;accordo quadro RPT \u2013 FCA avente ad oggetto speciali condizioni d&#8217;acquisto autoveicoli a marchi Fiat, Lancia, Alfa Romeo, Jeep e Fiat Professional, riservate agli iscritti agli Albi o Registri degli Ordini aderenti alla RTP.<\/h3>\n<p><a class=\"rd-pdf\" href=\"http:\/\/www.chimicimessina.it\/?attachment_id=1016\" target=\"_blank\" rel=\"attachment noopener wp-att-1016\">prot-n-482-del-10_11_2016-circolare-n-038_2016-rpt-informativa-aggiornamento-accordo-quadro-rpt-fca-ott<\/a><\/p>\n<h3><span style=\"color: #0000ff;\"><strong>Accordo Quadro FCA &#8211; Rete Professioni Tecniche 2016<\/strong> <a href=\"http:\/\/www.awn.it\/istituzione\/sistema-ordinistico\/rete-professioni-tecniche\" target=\"_blank\" rel=\"noopener\">\n        <section class=\"mt-4 mb-3 image-content italiawp2-img alignnone\">\n            <figure class=\"m-0 p-3 u-background-grey-60\">\n                <img src=\"http:\/\/www.chimicimessina.it\/wp-content\/uploads\/2015\/09\/rpt-300x139.jpg\" class=\"u-sizeFull\" alt=\"\">\n                <figcaption>\n                    <p>Convenzioni<\/p><p class=\"u-color-white\"><\/p>\n                <\/figcaption>\n            <\/figure><\/section><\/a><br \/><\/span><\/h3>\n<h3>A seguito del successo dell&#8217;iniziativa dello scorso anno, a cui hanno aderito alcune centinaia di professionisti, la FCA ha proposto il rinnovo dell&#8217;accordo quadro.<\/h3>\n<p><a class=\"rd-pdf\" href=\"http:\/\/www.chimicimessina.it\/?attachment_id=1017\" rel=\"attachment wp-att-1017\">Condizioni speciali d&#8217;acquisto alla-rpt-rinnovo-al-31_12_2016-fca<\/a><\/p>\n<h2 style=\"text-align: justify;\">\u00a0<\/h2>\n<h3 style=\"text-align: justify;\"><span style=\"color: #0000ff;\"><strong>BANCA FINECO<\/strong> <a href=\"http:\/\/www.fineco.it\" target=\"_blank\" rel=\"attachment noopener wp-att-1047\">\n        <section class=\"mt-4 mb-3 image-content italiawp2-img alignnone\">\n            <figure class=\"m-0 p-3 u-background-grey-60\">\n                <img src=\"http:\/\/www.chimicimessina.it\/wp-content\/uploads\/2015\/09\/index-300x146.jpg\" class=\"u-sizeFull\" alt=\"\">\n                <figcaption>\n                    <p>Convenzioni<\/p><p class=\"u-color-white\"><\/p>\n                <\/figcaption>\n            <\/figure><\/section><\/a><br \/><\/span><\/h3>\n<h2><a href=\"http:\/\/www.chimicimessina.it\/wp-content\/uploads\/2015\/09\/Documento-di-Sintesi.pdf\">Documento di Sintesi della convenzione<\/a><\/h2>\n<h2><a href=\"http:\/\/www.chimicimessina.it\/wp-content\/uploads\/2015\/09\/LetteraConvenzioneFienco-OrdineChimici.pdf\">Lettera di convenzione\u00a0FINECO\/ORDINE dei CHIMICI della Provincia di MESSINA<\/a><\/h2>\n<h6>\u00a0<\/h6>\n<h3><span style=\"color: #0000ff;\"><strong>SICILIA POST\u00a0<a href=\"http:\/\/www.siciliapost.it\/\" target=\"_blank\" rel=\"attachment noopener wp-att-1048\">\n        <section class=\"mt-4 mb-3 image-content italiawp2-img alignnone\">\n            <figure class=\"m-0 p-3 u-background-grey-60\">\n                <img src=\"http:\/\/www.chimicimessina.it\/wp-content\/uploads\/2015\/09\/logo.png\" class=\"u-sizeFull\" alt=\"\">\n                <figcaption>\n                    <p>Convenzioni<\/p><p class=\"u-color-white\"><\/p>\n                <\/figcaption>\n            <\/figure><\/section><\/a><\/strong><br \/><\/span><\/h3>\n<h2>E&#8217; stata sottoscritta una convenzione tra il nostro Ordine e il servizio di poste private Sicilia Post. Gli iscritti potranno usufruire degli stessi servizi alle condizioni riportate nei files allegati che comprendono: copia Licenza Ministeriale; presentazione aziendale; listino prezzi; modulo richiesta servizi postali.<\/h2>\n<h2><a href=\"http:\/\/www.chimicimessina.it\/?attachment_id=1043\" target=\"_blank\" rel=\"attachment noopener wp-att-1043\">scarica i files: SICILIA-POST.rar<\/a><\/h2>\n<h4 style=\"text-align: left;\">Per aprire il file rar \u00e8 nescessario installare la corretta versione di win.rar. Per scaricare il file d&#8217;installazione cliccare sul logo.<\/h4>\n<p><a href=\"https:\/\/www.winrar.it\/prelievo.php\" target=\"_blank\" rel=\"attachment noopener wp-att-1049\">\n        <section class=\"mt-4 mb-3 image-content italiawp2-img alignnone\">\n            <figure class=\"m-0 p-3 u-background-grey-60\">\n                <img src=\"http:\/\/www.chimicimessina.it\/wp-content\/uploads\/2015\/09\/win.rar.jpg\" class=\"u-sizeFull\" alt=\"\">\n                <figcaption>\n                    <p>Convenzioni<\/p><p class=\"u-color-white\"><\/p>\n                <\/figcaption>\n            <\/figure><\/section><\/a><\/p>\n<h3>\u00a0<\/h3>\n<p>\u00a0<\/p>","protected":false},"excerpt":{"rendered":"<p>Convenzioni CONVENZIONI PER GLI ISCRITTI PROGRAMMA SPERIMENTALE NAZIONALE DI MOBILIT\u00c0 SOSTENIBILE\u00a0CASA-SCUOLA E CASA-LAVORO.<\/p>\n","protected":false},"author":1,"featured_media":0,"parent":0,"menu_order":10,"comment_status":"closed","ping_status":"closed","template":"","meta":[],"tags":[],"yoast_head":"<!-- This site is optimized with the Yoast SEO plugin v16.6 - https:\/\/yoast.com\/wordpress\/plugins\/seo\/ -->\r\n<title>Convenzioni - Ordine dei chimici e fisici della Provincia di Messina<\/title>\r\n<meta name=\"robots\" content=\"index, follow, max-snippet:-1, max-image-preview:large, max-video-preview:-1\" \/>\r\n<link rel=\"canonical\" href=\"https:\/\/www.chimicimessina.it\/?page_id=21\" \/>\r\n<meta property=\"og:locale\" content=\"it_IT\" \/>\r\n<meta property=\"og:type\" content=\"article\" \/>\r\n<meta property=\"og:title\" content=\"Convenzioni - Ordine dei chimici e fisici della Provincia di Messina\" \/>\r\n<meta property=\"og:description\" content=\"Convenzioni CONVENZIONI PER GLI ISCRITTI PROGRAMMA SPERIMENTALE NAZIONALE DI MOBILIT\u00c0 SOSTENIBILE\u00a0CASA-SCUOLA E CASA-LAVORO.\" \/>\r\n<meta property=\"og:url\" content=\"https:\/\/www.chimicimessina.it\/?page_id=21\" \/>\r\n<meta property=\"og:site_name\" content=\"Ordine dei chimici e fisici della Provincia di Messina\" \/>\r\n<meta property=\"article:modified_time\" content=\"2025-04-01T17:52:22+00:00\" \/>\r\n<meta property=\"og:image\" content=\"http:\/\/www.chimicimessina.it\/wp-content\/uploads\/2018\/12\/ordine-chimici-e-fisici_-edited-converted-300x100.jpg\" \/>\r\n<meta name=\"twitter:card\" content=\"summary\" \/>\r\n<meta name=\"twitter:label1\" content=\"Tempo di lettura stimato\" \/>\n\t<meta name=\"twitter:data1\" content=\"5 minuti\" \/>\r\n<script type=\"application\/ld+json\" class=\"yoast-schema-graph\">{\"@context\":\"https:\/\/schema.org\",\"@graph\":[{\"@type\":\"WebSite\",\"@id\":\"https:\/\/www.chimicimessina.it\/#website\",\"url\":\"https:\/\/www.chimicimessina.it\/\",\"name\":\"Ordine dei chimici e fisici della Provincia di Messina\",\"description\":\"\",\"potentialAction\":[{\"@type\":\"SearchAction\",\"target\":{\"@type\":\"EntryPoint\",\"urlTemplate\":\"https:\/\/www.chimicimessina.it\/?s={search_term_string}\"},\"query-input\":\"required name=search_term_string\"}],\"inLanguage\":\"it-IT\"},{\"@type\":\"ImageObject\",\"@id\":\"https:\/\/www.chimicimessina.it\/?page_id=21#primaryimage\",\"inLanguage\":\"it-IT\",\"url\":\"http:\/\/www.chimicimessina.it\/wp-content\/uploads\/2018\/12\/ordine-chimici-e-fisici_-edited-converted-300x100.jpg\",\"contentUrl\":\"http:\/\/www.chimicimessina.it\/wp-content\/uploads\/2018\/12\/ordine-chimici-e-fisici_-edited-converted-300x100.jpg\"},{\"@type\":\"WebPage\",\"@id\":\"https:\/\/www.chimicimessina.it\/?page_id=21#webpage\",\"url\":\"https:\/\/www.chimicimessina.it\/?page_id=21\",\"name\":\"Convenzioni - Ordine dei chimici e fisici della Provincia di Messina\",\"isPartOf\":{\"@id\":\"https:\/\/www.chimicimessina.it\/#website\"},\"primaryImageOfPage\":{\"@id\":\"https:\/\/www.chimicimessina.it\/?page_id=21#primaryimage\"},\"datePublished\":\"2015-09-24T16:16:55+00:00\",\"dateModified\":\"2025-04-01T17:52:22+00:00\",\"breadcrumb\":{\"@id\":\"https:\/\/www.chimicimessina.it\/?page_id=21#breadcrumb\"},\"inLanguage\":\"it-IT\",\"potentialAction\":[{\"@type\":\"ReadAction\",\"target\":[\"https:\/\/www.chimicimessina.it\/?page_id=21\"]}]},{\"@type\":\"BreadcrumbList\",\"@id\":\"https:\/\/www.chimicimessina.it\/?page_id=21#breadcrumb\",\"itemListElement\":[{\"@type\":\"ListItem\",\"position\":1,\"name\":\"Home\",\"item\":\"https:\/\/www.chimicimessina.it\/\"},{\"@type\":\"ListItem\",\"position\":2,\"name\":\"Convenzioni\"}]}]}<\/script>\r\n<!-- \/ Yoast SEO plugin. -->","_links":{"self":[{"href":"https:\/\/www.chimicimessina.it\/index.php?rest_route=\/wp\/v2\/pages\/21"}],"collection":[{"href":"https:\/\/www.chimicimessina.it\/index.php?rest_route=\/wp\/v2\/pages"}],"about":[{"href":"https:\/\/www.chimicimessina.it\/index.php?rest_route=\/wp\/v2\/types\/page"}],"author":[{"embeddable":true,"href":"https:\/\/www.chimicimessina.it\/index.php?rest_route=\/wp\/v2\/users\/1"}],"replies":[{"embeddable":true,"href":"https:\/\/www.chimicimessina.it\/index.php?rest_route=%2Fwp%2Fv2%2Fcomments&post=21"}],"version-history":[{"count":28,"href":"https:\/\/www.chimicimessina.it\/index.php?rest_route=\/wp\/v2\/pages\/21\/revisions"}],"predecessor-version":[{"id":3994,"href":"https:\/\/www.chimicimessina.it\/index.php?rest_route=\/wp\/v2\/pages\/21\/revisions\/3994"}],"wp:attachment":[{"href":"https:\/\/www.chimicimessina.it\/index.php?rest_route=%2Fwp%2Fv2%2Fmedia&parent=21"}],"wp:term":[{"taxonomy":"post_tag","embeddable":true,"href":"https:\/\/www.chimicimessina.it\/index.php?rest_route=%2Fwp%2Fv2%2Ftags&post=21"}],"curies":[{"name":"wp","href":"https:\/\/api.w.org\/{rel}","templated":true}]}}