{"id":15,"date":"2015-09-24T18:15:45","date_gmt":"2015-09-24T16:15:45","guid":{"rendered":"http:\/\/www.chimicimessina.it\/?page_id=15"},"modified":"2018-12-12T20:27:07","modified_gmt":"2018-12-12T19:27:07","slug":"la-professione","status":"publish","type":"page","link":"https:\/\/www.chimicimessina.it\/?page_id=15","title":{"rendered":"Le Professioni di Chimico e di Fisico"},"content":{"rendered":"<blockquote>\n<h2 class=\"bodytext\" style=\"text-align: center;\"><a href=\"http:\/\/www.chimicimessina.it\/?attachment_id=2580\" rel=\"attachment wp-att-2580\">\n        <section class=\"mt-4 mb-3 image-content italiawp2-img alignnone\">\n            <figure class=\"m-0 p-3 u-background-grey-60\">\n                <img src=\"http:\/\/www.chimicimessina.it\/wp-content\/uploads\/2018\/12\/ordine-chimici-e-fisici_-edited-converted-300x100.jpg\" class=\"u-sizeFull\" alt=\"\">\n                <figcaption>\n                    <p>Le Professioni di Chimico e di Fisico<\/p><p class=\"u-color-white\"><\/p>\n                <\/figcaption>\n            <\/figure><\/section><\/a><\/h2>\n<h2 class=\"bodytext\" style=\"text-align: center;\"><b><a href=\"http:\/\/www.gazzettaufficiale.it\/eli\/id\/2018\/1\/31\/18G00019\/sg\" target=\"_blank\">LEGGE 11 gennaio 2018 n. 3<\/a>.<\/b><\/h2>\n<h2 class=\"bodytext\" style=\"text-align: center;\"><b>\u00a0 Delega al Governo per il riassetto e lo riforma della normativa in materia di sperimentazione clinica nonch\u00e8 disposizioni per il riordino delle professioni sanitarie e per la dirigenza sanitaria del Ministero della Salute<br \/>\n<\/b><\/h2>\n<h2 class=\"bodytext\" style=\"text-align: center;\"><b>\u00a0 \u00a0 \u00a0 \u00a0 \u00a0 Pubblicato nella GAZZETTA UFFICIALE DELLA REPUBBLICA ITALIANA, Serie generale &#8211; n. 25 del 31 gennaio 2018.<br \/>\n<\/b><\/h2>\n<\/blockquote>\n<hr \/>\n<p class=\"bodytext\">Data l\u2019importanza e la pervasivit\u00e0 della Chimica nella nostra Societ\u00e0, il Chimico svolge la sua attivit\u00e0 in uno svariato numero di campi, ponendosi, in primis, alla salvaguardia dell&#8217;Ambiente e della Salute. Per questo la Federazione Nazionale rappresenta un punto di riferimento importante, incaricato di tutelare l\u2019esercizio stesso della professione in tutti i settori di competenza. In particolare per coloro che, come Chimici, svolgono attivit\u00e0 professionale, o occupano posizioni di responsabilit\u00e0 in Enti pubblici e Aziende private, l\u2019iscrizione all\u2019Albo Professionale \u00e8 obbligatoria e necessaria.<\/p>\n<p class=\"bodytext\">Altrettanto importante nella Societ\u00e0 moderna e la professione di Fisico. I laureati in Fisica rivestono un ruolo importante e di supporto alle attivit\u00e0 mediche e sanitarie. Anche per i Fisici che svolgono attivit\u00e0 professionale, o occupano posizioni di responsabilit\u00e0\u00a0in Enti pubblici e Aziende private, l\u2019iscrizione all\u2019Albo Professionale \u00e8 obbligatoria e necessaria.<\/p>\n<p class=\"bodytext\">In questa sezione sono disponibili tutte le informazioni e i documenti utili per l\u2019accesso alla professione, partendo dalla scelta del percorso formativo fino all\u2019esame di stato. Nell\u2019apposita area sono inoltre disponibili tutti le notizie relative alla qualifica di &#8220;Chimico Europeo&#8221; (EurChem) finalizzata a riconoscere a livello internazionale la competenza dei professionisti del settore. Le perizie e gli incarichi in materia di Chimica pura ed applicata, cos\u00ec come le perizie e gli incarichi in materia di Fisica, possono essere affidati dall&#8217;autorit\u00e0 giudiziaria e dalle pubbliche amministrazioni soltanto agli inscritti nell&#8217;albo dei Chimici e dei Fisici.<\/p>\n<p>Ai fini dell\u2019esercizio delle professioni di Chimico e di Fisico, in forma individuale, associata o societaria, sia nell\u2019ambito di un rapporto di lavoro subordinato o para subordinato con soggetti pubblici o privati, sia nell\u2019ambito di un rapporto di lavoro autonomo o di prestazione d\u2019opera con soggetti pubblici o privati, anche ove tali rapporti siano saltuari e\/o occasionali e\u00a0 indipendentemente dalla tipologia contrattuale, \u00e8 <strong>obbligatoria<\/strong> l\u2019iscrizione all\u2019Albo come previsto dall\u2019art. 5, comma 2, del decreto legislativo del Capo provvisorio dello Stato 13 settembre 1946, n. 233, e successive modificazioni.<\/p>\n<p class=\"bodytext\">In ogni caso, qualora disposizioni legislative o regolamentari prescrivano che la direzione di determinate aziende private venga affidata a chi abbia conseguito l&#8217;abilitazione alla professione di Chimico o di Fisico, la direzione stessa deve essere affidata agli iscritti nell&#8217;albo. Devono poi essere redatte dagli iscritti nell&#8217;albo le perizie e le analisi, che devono essere presentate alle pubbliche amministrazioni.<\/p>\n<h2 class=\"bodytext\"><\/h2>\n<h2><a href=\"http:\/\/www.chimicimessina.it\/?page_id=17\" target=\"_blank\">NORMATIVA DI RIFERIMENTO<\/a><\/h2>\n<h2 class=\"bodytext\"><a href=\"http:\/\/www.chimicimessina.it\/?page_id=212\" target=\"_blank\">FORMAZIONE CONTINUA<\/a> \u00a0 \u00a0 \u00a0 \u00a0 \u00a0 \u00a0 \u00a0 \u00a0 \u00a0 \u00a0 \u00a0 \u00a0 \u00a0 \u00a0 \u00a0 \u00a0 \u00a0 \u00a0<a href=\"http:\/\/application.cogeaps.it\/cogeaps\/login.ot;jsessionid=670668B4C8C8ACAE35BD8D869D76F492\" target=\"_blank\">AREA PRIVATA CO.GE.APS<\/a><\/h2>\n","protected":false},"excerpt":{"rendered":"<p>Le Professioni di Chimico e di Fisico LEGGE 11 gennaio 2018 n.<\/p>\n","protected":false},"author":1,"featured_media":0,"parent":0,"menu_order":4,"comment_status":"closed","ping_status":"closed","template":"","meta":[],"tags":[],"yoast_head":"<!-- This site is optimized with the Yoast SEO plugin v16.6 - https:\/\/yoast.com\/wordpress\/plugins\/seo\/ -->\r\n<title>Le Professioni di Chimico e di Fisico - Ordine dei chimici e fisici della Provincia di Messina<\/title>\r\n<meta name=\"robots\" content=\"index, follow, max-snippet:-1, max-image-preview:large, max-video-preview:-1\" \/>\r\n<link rel=\"canonical\" href=\"https:\/\/www.chimicimessina.it\/?page_id=15\" \/>\r\n<meta property=\"og:locale\" content=\"it_IT\" \/>\r\n<meta property=\"og:type\" content=\"article\" \/>\r\n<meta property=\"og:title\" content=\"Le Professioni di Chimico e di Fisico - Ordine dei chimici e fisici della Provincia di Messina\" \/>\r\n<meta property=\"og:description\" content=\"Le Professioni di Chimico e di Fisico LEGGE 11 gennaio 2018 n.\" \/>\r\n<meta property=\"og:url\" content=\"https:\/\/www.chimicimessina.it\/?page_id=15\" \/>\r\n<meta property=\"og:site_name\" content=\"Ordine dei chimici e fisici della Provincia di Messina\" \/>\r\n<meta property=\"article:modified_time\" content=\"2018-12-12T19:27:07+00:00\" \/>\r\n<meta property=\"og:image\" content=\"http:\/\/www.chimicimessina.it\/wp-content\/uploads\/2018\/12\/ordine-chimici-e-fisici_-edited-converted-300x100.jpg\" \/>\r\n<meta name=\"twitter:card\" content=\"summary\" \/>\r\n<meta name=\"twitter:label1\" content=\"Tempo di lettura stimato\" \/>\n\t<meta name=\"twitter:data1\" content=\"2 minuti\" \/>\r\n<script type=\"application\/ld+json\" class=\"yoast-schema-graph\">{\"@context\":\"https:\/\/schema.org\",\"@graph\":[{\"@type\":\"WebSite\",\"@id\":\"https:\/\/www.chimicimessina.it\/#website\",\"url\":\"https:\/\/www.chimicimessina.it\/\",\"name\":\"Ordine dei chimici e fisici della Provincia di Messina\",\"description\":\"\",\"potentialAction\":[{\"@type\":\"SearchAction\",\"target\":{\"@type\":\"EntryPoint\",\"urlTemplate\":\"https:\/\/www.chimicimessina.it\/?s={search_term_string}\"},\"query-input\":\"required name=search_term_string\"}],\"inLanguage\":\"it-IT\"},{\"@type\":\"ImageObject\",\"@id\":\"https:\/\/www.chimicimessina.it\/?page_id=15#primaryimage\",\"inLanguage\":\"it-IT\",\"url\":\"http:\/\/www.chimicimessina.it\/wp-content\/uploads\/2018\/12\/ordine-chimici-e-fisici_-edited-converted-300x100.jpg\",\"contentUrl\":\"http:\/\/www.chimicimessina.it\/wp-content\/uploads\/2018\/12\/ordine-chimici-e-fisici_-edited-converted-300x100.jpg\"},{\"@type\":\"WebPage\",\"@id\":\"https:\/\/www.chimicimessina.it\/?page_id=15#webpage\",\"url\":\"https:\/\/www.chimicimessina.it\/?page_id=15\",\"name\":\"Le Professioni di Chimico e di Fisico - Ordine dei chimici e fisici della Provincia di Messina\",\"isPartOf\":{\"@id\":\"https:\/\/www.chimicimessina.it\/#website\"},\"primaryImageOfPage\":{\"@id\":\"https:\/\/www.chimicimessina.it\/?page_id=15#primaryimage\"},\"datePublished\":\"2015-09-24T16:15:45+00:00\",\"dateModified\":\"2018-12-12T19:27:07+00:00\",\"breadcrumb\":{\"@id\":\"https:\/\/www.chimicimessina.it\/?page_id=15#breadcrumb\"},\"inLanguage\":\"it-IT\",\"potentialAction\":[{\"@type\":\"ReadAction\",\"target\":[\"https:\/\/www.chimicimessina.it\/?page_id=15\"]}]},{\"@type\":\"BreadcrumbList\",\"@id\":\"https:\/\/www.chimicimessina.it\/?page_id=15#breadcrumb\",\"itemListElement\":[{\"@type\":\"ListItem\",\"position\":1,\"name\":\"Home\",\"item\":\"https:\/\/www.chimicimessina.it\/\"},{\"@type\":\"ListItem\",\"position\":2,\"name\":\"Le Professioni di Chimico e di Fisico\"}]}]}<\/script>\r\n<!-- \/ Yoast SEO plugin. -->","_links":{"self":[{"href":"https:\/\/www.chimicimessina.it\/index.php?rest_route=\/wp\/v2\/pages\/15"}],"collection":[{"href":"https:\/\/www.chimicimessina.it\/index.php?rest_route=\/wp\/v2\/pages"}],"about":[{"href":"https:\/\/www.chimicimessina.it\/index.php?rest_route=\/wp\/v2\/types\/page"}],"author":[{"embeddable":true,"href":"https:\/\/www.chimicimessina.it\/index.php?rest_route=\/wp\/v2\/users\/1"}],"replies":[{"embeddable":true,"href":"https:\/\/www.chimicimessina.it\/index.php?rest_route=%2Fwp%2Fv2%2Fcomments&post=15"}],"version-history":[{"count":21,"href":"https:\/\/www.chimicimessina.it\/index.php?rest_route=\/wp\/v2\/pages\/15\/revisions"}],"predecessor-version":[{"id":2587,"href":"https:\/\/www.chimicimessina.it\/index.php?rest_route=\/wp\/v2\/pages\/15\/revisions\/2587"}],"wp:attachment":[{"href":"https:\/\/www.chimicimessina.it\/index.php?rest_route=%2Fwp%2Fv2%2Fmedia&parent=15"}],"wp:term":[{"taxonomy":"post_tag","embeddable":true,"href":"https:\/\/www.chimicimessina.it\/index.php?rest_route=%2Fwp%2Fv2%2Ftags&post=15"}],"curies":[{"name":"wp","href":"https:\/\/api.w.org\/{rel}","templated":true}]}}